{"id":137,"date":"2011-12-08T15:09:02","date_gmt":"2011-12-08T15:09:02","guid":{"rendered":"http:\/\/experimentejeri.com.br\/site\/?page_id=137"},"modified":"2011-12-20T04:09:33","modified_gmt":"2011-12-20T04:09:33","slug":"dicas","status":"publish","type":"page","link":"http:\/\/experimentejeri.com.br\/site\/dicas\/","title":{"rendered":"Dicas"},"content":{"rendered":"<h1>Quando estiver organizando a viagem<\/h1>\n<p style=\"text-align: justify;\">O per\u00edodo de chuva inicia-se em janeiro e vai at\u00e9 junho. Aqui a temperatura \u00e9 sempre alta e mesmo com chuva \u00e9 possivel aproveitar a praia, assim como fazer todos os passeios. \u00c9 muito comum amanhecer com chuva e em 2 horas o sol estar brilhando mais lindo do que nunca. H\u00e1 sempre algu\u00e9m pronto para fazer uma r\u00e1pida interpreta\u00e7\u00e3o das nuvens e dizer de logo a chuva passar\u00e1.<\/p>\n<p style=\"text-align: justify;\">A partir de fevereiro as lagoas come\u00e7am a encher e a vegeta\u00e7\u00e3o come\u00e7a a brotar, surgem in\u00fameras pequeninas flores pela vila, as nuvens d\u00e3o cores impressionantes ao p\u00f4r do sol. O vento d\u00e1 uma\u00a0tr\u00e9gua, para alegria de uns e tristeza de outros. \u00c9 uma boa \u00e9poca para se viajar, desde que n\u00e3o se importem com a chuva, e para quem nunca tomou banho de chuva, este \u00e9 o melhor local para se fazer.<\/p>\n<p style=\"text-align: justify;\">Final de julho at\u00e9 in\u00edcio de dezembro a probabilidade de chuva \u00e9 muito baixa, o vento inicia, o c\u00e9u est\u00e1 sempre limpo e o azul predomina na paisagem. A sensa\u00e7\u00e3o t\u00e9rmica \u00e9 agrad\u00e1vel, apesar da temperatura ficar em torno de 30\u00ba C quase que diariamente. Este\u00a0per\u00edodo\u00a0\u00e9 seco e o vento pode incomodar um pouco, por\u00e9m oferece um espet\u00e1culo ao carregar a areia do topo das dunas para o mar.<\/p>\n<p style=\"text-align: justify;\">A mar\u00e9 influencia muito no hor\u00e1rio de banho ou em alguns passeios. Consultar a t\u00e1bua de mar\u00e9 quando estiver planejando a viagem \u00e9 uma boa dica para aproveitar ao m\u00e1ximo sua viagem.<\/p>\n<p style=\"text-align: justify;\">Perman\u00eancia\u00a0m\u00ednima aconselh\u00e1vel para quem vem visitar Jericoacoacoara s\u00e3o 3 noites, uma estadia menor que isto pode tornar a viagem muito cansativa e as f\u00e9rias podem acabar mais cansativas que relaxantes.<\/p>\n<p style=\"text-align: justify;\">Procure sempre os servi\u00e7os de empresas formais e legalizadas, n\u00e3o se iluda com o pre\u00e7o baixo, pois a seguran\u00e7a do produto adquirido e a responsabilidade ser\u00e3o proporcionais ao que se est\u00e1 pagando.<\/p>\n<h1>Antes de viajar<\/h1>\n<p style=\"text-align: justify;\">N\u00e3o h\u00e1 bancos na vila. Dinheiro trocado \u00e9 raridade aqui.<\/p>\n<p style=\"text-align: justify;\">As operadoras Claro e Nextel n\u00e3o funcionam em Jeri.<\/p>\n<p style=\"text-align: justify;\">Trazer roupas leves e chinelos, todos se vestem muito a vontade. Trazer pouca bagagem, \u00e9 quase uma regra, pois a maioria do tempo estar\u00e1 com roupas de banho.<\/p>\n<p style=\"text-align: justify;\">N\u00e3o h\u00e1 ilumina\u00e7\u00e3o p\u00fablica nas ruas, traga um pequena lanterna.<\/p>\n<p style=\"text-align: justify;\">No Cear\u00e1 a voltagem \u00e9 220.<\/p>\n<p style=\"text-align: justify;\">Aqui h\u00e1 dificuldade em encontrar carregador de baterias, cabos USB para baixar fotos,\u00a0mem\u00f3rias\u00a0extras, tudo o que se relaciona com tecnologia, ent\u00e3o seja\u00a0prevenido.<\/p>\n<p style=\"text-align: justify;\">Caso precise de medicamentos, traga-os, pois as farm\u00e1cias tem apenas o b\u00e1sico.<\/p>\n<p style=\"text-align: justify;\">Pessoas com dificuldade de locomo\u00e7\u00e3o, precisam ter em mente que a vila \u00e9 toda com areia e as pousadas normalmente possuem escadas.<\/p>\n<h1>Viajando<\/h1>\n<p style=\"text-align: justify;\">V\u00e1 ao mercado local, pois pode encontrar frutas diferentes e se surpreender com novos sabores.<\/p>\n<p style=\"text-align: justify;\">No per\u00edodo de vento \u00e9 muito comum as m\u00e1quinas fotogr\u00e1ficas com zoom\u00a0mec\u00e2nico\u00a0estragarem em virtude dos min\u00fasculos gr\u00e3os de areia. Proteja-a bem quando estiverem nas dunas e use sempre um saco pl\u00e1stico quando n\u00e3o estiver em uso. N\u00e3o tem como ficar sem m\u00e1quina fotogr\u00e1fica aqui!<\/p>\n<p style=\"text-align: justify;\">Use muito protetor solar e protetor solar labial. Mesmo quando estiver nublado isto \u00e9 regra!<\/p>\n<p style=\"text-align: justify;\">\u00d3culos de sol s\u00e3o fundamentais, a luz do sol \u00e9 refletida pela areia branquinha das dunas e n\u00e3o poder\u00e1 admirar esta beleza.<\/p>\n<p style=\"text-align: justify;\">Preserve os recursos naturais da vila, apague sempre a luz do seu quarto ou o ar condicionado quando n\u00e3o estiver usando, pe\u00e7a para que suas toalhas e roupa sejam trocadas apenas quando realmente for necess\u00e1rio, compre \u00e1gua em garrafas grandes para evitar mais lixo na vila. E cuidado com sacolas, garrafas pl\u00e1sticas, peda\u00e7os de papel, pois tudo voa da sua m\u00e3o com o vento do segundo semestre. Segure seu lixo com for\u00e7a e descarte no local adequado.<\/p>\n<p style=\"text-align: justify;\">Mesmo com tanta\u00a0tecnologia\u00a0a comunica\u00e7\u00e3o ainda falha em alguns momentos, ou por v\u00e1rias horas.<\/p>\n<p style=\"text-align: justify;\">N\u00e3o se estresse, aqui a internet \u00e9 lenta, isto \u00e9 fato.<\/p>\n<p style=\"text-align: justify;\">\u00c9 proibido circular com ve\u00edculos dentro da vila \u00a0e subir nas dunas \u00a0do Parna. Deixe seu ve\u00edculo no estacionamento da entrada da vila.<\/p>\n<p style=\"text-align: justify;\">\n","protected":false},"excerpt":{"rendered":"<p>Quando estiver organizando a viagem O per\u00edodo de chuva inicia-se em janeiro e vai at\u00e9 junho. Aqui a temperatura \u00e9 sempre alta e mesmo com chuva \u00e9 possivel aproveitar a praia, assim como fazer todos os passeios. \u00c9 muito comum amanhecer com chuva e em 2 horas o sol estar brilhando mais lindo do que [&hellip;]<\/p>\n","protected":false},"author":1,"featured_media":509,"parent":0,"menu_order":0,"comment_status":"open","ping_status":"closed","template":"page-full.php","meta":[],"_links":{"self":[{"href":"http:\/\/experimentejeri.com.br\/site\/wp-json\/wp\/v2\/pages\/137"}],"collection":[{"href":"http:\/\/experimentejeri.com.br\/site\/wp-json\/wp\/v2\/pages"}],"about":[{"href":"http:\/\/experimentejeri.com.br\/site\/wp-json\/wp\/v2\/types\/page"}],"author":[{"embeddable":true,"href":"http:\/\/experimentejeri.com.br\/site\/wp-json\/wp\/v2\/users\/1"}],"replies":[{"embeddable":true,"href":"http:\/\/experimentejeri.com.br\/site\/wp-json\/wp\/v2\/comments?post=137"}],"version-history":[{"count":11,"href":"http:\/\/experimentejeri.com.br\/site\/wp-json\/wp\/v2\/pages\/137\/revisions"}],"predecessor-version":[{"id":694,"href":"http:\/\/experimentejeri.com.br\/site\/wp-json\/wp\/v2\/pages\/137\/revisions\/694"}],"wp:featuredmedia":[{"embeddable":true,"href":"http:\/\/experimentejeri.com.br\/site\/wp-json\/wp\/v2\/media\/509"}],"wp:attachment":[{"href":"http:\/\/experimentejeri.com.br\/site\/wp-json\/wp\/v2\/media?parent=137"}],"curies":[{"name":"wp","href":"https:\/\/api.w.org\/{rel}","templated":true}]}}