{"id":129,"date":"2011-12-08T15:05:27","date_gmt":"2011-12-08T15:05:27","guid":{"rendered":"http:\/\/experimentejeri.com.br\/site\/?page_id=129"},"modified":"2013-05-08T15:43:23","modified_gmt":"2013-05-08T18:43:23","slug":"rota-das-emocoes","status":"publish","type":"page","link":"http:\/\/experimentejeri.com.br\/site\/rota-das-emocoes\/","title":{"rendered":"Rota das Emo\u00e7\u00f5es"},"content":{"rendered":"<h1 style=\"text-align: justify;\"><span style=\"text-align: justify;\">Um dos melhores produtos tur\u00edsticos j\u00e1 desenvolvidos no Brasil.<\/span><\/h1>\n<div id=\"attachment_456\" style=\"width: 218px\" class=\"wp-caption alignleft\"><a href=\"http:\/\/experimentejeri.com.br\/site\/wp-content\/uploads\/2011\/12\/catadecarangueijo-copy.jpg\"><img aria-describedby=\"caption-attachment-456\" decoding=\"async\" loading=\"lazy\" class=\" wp-image-456   \" title=\"cata de caranguejo - Experimente Jeri\" src=\"http:\/\/experimentejeri.com.br\/site\/wp-content\/uploads\/2011\/12\/catadecarangueijo-copy-300x225.jpg\" alt=\"Cata de caranguejo no Delta do Parna\u00edba\" width=\"208\" height=\"157\" srcset=\"http:\/\/experimentejeri.com.br\/site\/wp-content\/uploads\/2011\/12\/catadecarangueijo-copy-300x225.jpg 300w, http:\/\/experimentejeri.com.br\/site\/wp-content\/uploads\/2011\/12\/catadecarangueijo-copy.jpg 700w\" sizes=\"(max-width: 208px) 100vw, 208px\" \/><\/a><\/p>\n<p id=\"caption-attachment-456\" class=\"wp-caption-text\">Vivencia no Delta do Parna\u00edba<\/p>\n<\/div>\n<p style=\"text-align: justify;\"><span class=\"dropcap\">I<\/span>ncluindo a visita de 3 estados e passando por duas capitais. Na Rota das Emo\u00e7\u00f5es tudo foi elaborado pensando em como o visitante pode aproveitar da melhor maneira esta experi\u00eancia de estar em locais de t\u00e3o dif\u00edcil acesso e que ainda mant\u00e9m boa parte de sua cultura inalterada. N\u00e3o tem como passar por estes lugares sem vivenciar um pouquinho disto. O que encanta n\u00e3o \u00e9 apenas a beleza do local, mas a forma como ser\u00e1 recebido pelas pessoas que vivem nestes lugares t\u00e3o belos.<\/p>\n<p style=\"text-align: justify;\">Percorrer a Rota das Emo\u00e7\u00f5es \u00e9 uma viagem que proporciona a intera\u00e7\u00e3o com o cotidiano dos moradores dos vilarejos e que abrem os bra\u00e7os para receber os visitantes da melhor forma poss\u00edvel. N\u00e3o deixe de participar e se comover com a cata do caranguejo ou com uma pescaria artesanal e ouvir todos os segredos de suas profiss\u00f5es com muita simplicidade. Eles fazem parecer f\u00e1cil, por\u00e9m, para entender a natureza, s\u00e3o necess\u00e1rias algumas gera\u00e7\u00f5es. Aqui eles sabem tudo sobre a lua, as mar\u00e9s, a chuva, o vento, e os que n\u00e3o respeitam a natureza n\u00e3o sobrevivem!<\/p>\n<h1 style=\"text-align: justify;\"><\/h1>\n<h1 style=\"text-align: justify;\">Bonito por natureza!<\/h1>\n<div id=\"attachment_667\" style=\"width: 220px\" class=\"wp-caption alignright\"><a href=\"http:\/\/experimentejeri.com.br\/site\/wp-content\/uploads\/2011\/12\/jeri-e-s\u00e3o-luis-074-copy.jpg\"><img aria-describedby=\"caption-attachment-667\" decoding=\"async\" loading=\"lazy\" class=\"wp-image-667 \" title=\"Len\u00e7\u00f3is Maranhenses\" src=\"http:\/\/experimentejeri.com.br\/site\/wp-content\/uploads\/2011\/12\/jeri-e-s\u00e3o-luis-074-copy-300x225.jpg\" alt=\"Len\u00e7\u00f3is Maranhenses \u00e9 brasileiro\" width=\"210\" height=\"158\" srcset=\"http:\/\/experimentejeri.com.br\/site\/wp-content\/uploads\/2011\/12\/jeri-e-s\u00e3o-luis-074-copy-300x225.jpg 300w, http:\/\/experimentejeri.com.br\/site\/wp-content\/uploads\/2011\/12\/jeri-e-s\u00e3o-luis-074-copy-1024x768.jpg 1024w, http:\/\/experimentejeri.com.br\/site\/wp-content\/uploads\/2011\/12\/jeri-e-s\u00e3o-luis-074-copy.jpg 2048w\" sizes=\"(max-width: 210px) 100vw, 210px\" \/><\/a><\/p>\n<p id=\"caption-attachment-667\" class=\"wp-caption-text\">Len\u00e7\u00f3is Maranhenses<\/p>\n<\/div>\n<p style=\"text-align: justify;\">N\u00e3o foi muito dif\u00edcil tra\u00e7ar o caminho da Rota das Emo\u00e7\u00f5es, pois a natureza j\u00e1 havia esculpido as atra\u00e7\u00f5es. Fortaleza \u00e9 refer\u00eancia em turismo no Nordeste, com suas t\u00e3o conhecidas praias e fal\u00e9sias pr\u00f3ximas, culin\u00e1ria especial com frutos do mar e um animado forr\u00f3 para acabar as noites. Parque Nacional de Jericoacoara, com sua vila no meio das dunas m\u00f3veis e bel\u00edssima praia j\u00e1 bem conhecida dos praticantes de windsurf que a tornou um local com estrutura hoteleira invej\u00e1vel para muitos destinos tur\u00edsticos. O Delta do Parna\u00edba, cheio de singularidades, o \u00fanico Delta das Am\u00e9ricas e um dos \u00fanicos do mundo em mar aberto. S\u00e3o in\u00fameros os caminhos para conhec\u00ea-lo, pois s\u00e3o 73 ilhas com muitas vidas a serem descobertas, muitas aves e um ber\u00e7\u00e1rio para a vida aqu\u00e1tica. Os Len\u00e7\u00f3is Maranhenses dispensam apresenta\u00e7\u00f5es. Uma \u00fanica foto de suas dunas e lagoas e qualquer um fica boquiaberto, um deserto cheio de lagoas. Mas h\u00e1 outra atra\u00e7\u00e3o, n\u00e3o menos bela, o Rio Pregui\u00e7as. Visto de cima, impressiona com suas in\u00fameras curvas e visto de dentro, impressiona com sua \u00e1gua cristalina perfeita para um banho. Tanto \u00e9 verdade que muitos s\u00e3o os moradores que se banham apenas nestas \u00e1guas. Quando parece que a viagem terminou, prepare-se para um outro tipo de viagem, uma viagem no tempo: S\u00e3o Luiz n\u00e3o pode ser apenas um local para passagem, seu Centro Hist\u00f3rico com casar\u00f5es e museus impressiona, seu povo cheio de manifesta\u00e7\u00f5es culturais vai fazer todos dan\u00e7arem \u00a0e n\u00e3o esque\u00e7am de saborear as del\u00edcias da sua culin\u00e1ria.<\/p>\n<p style=\"text-align: justify;\">A bordo de um ve\u00edculo 4&#215;4 a aventura est\u00e1 completa. Ser\u00e3o necess\u00e1rios pelo menos 7 dias para vivenciar o m\u00ednimo que a Rota das Emo\u00e7\u00f5es lhe oferece. Al\u00e9m das atra\u00e7\u00f5es naturais j\u00e1 citadas \u00e9 poss\u00edvel aprender a fazer crochet, artesanato com palha de buriti, pescar, catar caranguejo, fazer tapioca e farinha de mandioca, acompanhar a produ\u00e7\u00e3o da caju\u00edna, visitar o estu\u00e1rio dos cavalos marinhos, aprender windsurf ou kitesurf e se deliciar com todas as especialidades locais. Peixes frescos \u00a0acompanhados de tapioca com coco no Cear\u00e1, o caranguejo em in\u00fameras formas no Piau\u00ed e no Maranh\u00e3o as suas frutas ex\u00f3ticas, camar\u00f5es frescos ou secos, arroz de cux\u00e1 e muitas formas de fazer uso da farinha de mandioca.<\/p>\n<p style=\"text-align: justify;\"><span style=\"font-size: large;\">Pacotes de viagem pela <a title=\"Rotas das Emo\u00e7\u00f5es\" href=\"http:\/\/www.issuu.com\/experimentejeri\/docs\/rotadasemocoes\" target=\"_blank\">Rota das Emo\u00e7\u00f5es<\/a>.<\/span><\/p>\n","protected":false},"excerpt":{"rendered":"<p>Um dos melhores produtos tur\u00edsticos j\u00e1 desenvolvidos no Brasil. ncluindo a visita de 3 estados e passando por duas capitais. Na Rota das Emo\u00e7\u00f5es tudo foi elaborado pensando em como o visitante pode aproveitar da melhor maneira esta experi\u00eancia de estar em locais de t\u00e3o dif\u00edcil acesso e que ainda mant\u00e9m boa parte de sua [&hellip;]<\/p>\n","protected":false},"author":1,"featured_media":683,"parent":0,"menu_order":0,"comment_status":"open","ping_status":"closed","template":"page-full.php","meta":[],"_links":{"self":[{"href":"http:\/\/experimentejeri.com.br\/site\/wp-json\/wp\/v2\/pages\/129"}],"collection":[{"href":"http:\/\/experimentejeri.com.br\/site\/wp-json\/wp\/v2\/pages"}],"about":[{"href":"http:\/\/experimentejeri.com.br\/site\/wp-json\/wp\/v2\/types\/page"}],"author":[{"embeddable":true,"href":"http:\/\/experimentejeri.com.br\/site\/wp-json\/wp\/v2\/users\/1"}],"replies":[{"embeddable":true,"href":"http:\/\/experimentejeri.com.br\/site\/wp-json\/wp\/v2\/comments?post=129"}],"version-history":[{"count":16,"href":"http:\/\/experimentejeri.com.br\/site\/wp-json\/wp\/v2\/pages\/129\/revisions"}],"predecessor-version":[{"id":672,"href":"http:\/\/experimentejeri.com.br\/site\/wp-json\/wp\/v2\/pages\/129\/revisions\/672"}],"wp:featuredmedia":[{"embeddable":true,"href":"http:\/\/experimentejeri.com.br\/site\/wp-json\/wp\/v2\/media\/683"}],"wp:attachment":[{"href":"http:\/\/experimentejeri.com.br\/site\/wp-json\/wp\/v2\/media?parent=129"}],"curies":[{"name":"wp","href":"https:\/\/api.w.org\/{rel}","templated":true}]}}