{"id":106,"date":"2011-12-08T14:54:42","date_gmt":"2011-12-08T14:54:42","guid":{"rendered":"http:\/\/experimentejeri.com.br\/site\/?page_id=106"},"modified":"2021-10-13T19:03:34","modified_gmt":"2021-10-13T22:03:34","slug":"servicos","status":"publish","type":"page","link":"http:\/\/experimentejeri.com.br\/site\/servicos\/","title":{"rendered":"Servi\u00e7os"},"content":{"rendered":"<p style=\"text-align: justify;\"><span class=\"dropcap\">O<\/span>\u00a0principal atrativo\u00a0de Jericoacoara \u00e9 o conjunto de suas paisagens exuberantes, com dunas enormes, praias formando desenhos curiosos e a diversidade cultural criada na intera\u00e7\u00e3o dos pescadores nativos com visitantes de v\u00e1rias partes do Brasil e do mundo.<\/p>\n<p style=\"text-align: justify;\">Em Jeri, tudo tem um toque mais calmo e descontra\u00eddo, o que d\u00e1 a sensa\u00e7\u00e3o de estar em um lugar fora do tempo. Talvez a dist\u00e2ncia e dificuldade de tudo chegar em Jericoacoara, fa\u00e7a com que as pessoas aprendam a ter paci\u00eancia. Este \u00e9 um dos requisitos para visitar Jericoacoara, aqui voc\u00ea tem que esperar a mar\u00e9 para decidir a hora dos passeios, esperar o vento \u201centrar\u201d para velejar e esperar o sol se p\u00f4r para aplaudir. Ainda \u00e9 a natureza quem dita as regras, mas isso n\u00e3o quer dizer que o visitante ser\u00e1 privado do conforto e do bom atendimento, todos ir\u00e3o se surpreender com a hospitalidade e boa estrutura da vila.<\/p>\n<p style=\"text-align: justify;\">Jericoacoara \u00e9 o lugar perfeito para quem quer fugir da agita\u00e7\u00e3o da cidade, e manter o seu conforto. Aqui, tudo tem outro ritmo. Com poucos carros na vila, tudo \u00e9 feito caminhando e em pouco tempo voc\u00ea conhecer\u00e1 grande parte dos moradores. Quem ficar por aqui 5 dias, se sentir\u00e1 em casa cumprimentando todas as pessoas pelos becos da vila. Aproveite para relaxar e desfrutar ao m\u00e1ximo tudo o que Jericoacoara lhe oferece.<\/p>\n<h1>Sua vinda para Jericoacoara j\u00e1 pode ser uma aventura<\/h1>\n<div class=\"toggle_slide\">\n<h3 class=\"trigger\"><span>&nbsp;<\/span><a href=\"#\">Transfer via asfalto em 4x4<\/a><\/h3>\n<div class=\"toggle_container\">\n<div id=\"attachment_587\" style=\"width: 430px\" class=\"wp-caption aligncenter\"><a href=\"http:\/\/experimentejeri.com.br\/site\/wp-content\/uploads\/2011\/12\/GEDC1275.jpg\"><img aria-describedby=\"caption-attachment-587\" decoding=\"async\" loading=\"lazy\" class=\" wp-image-587 \" title=\"P\u00f4r do sol a caminho de Jericoacoara\" src=\"http:\/\/experimentejeri.com.br\/site\/wp-content\/uploads\/2011\/12\/GEDC1275.jpg\" alt=\"P\u00f4r do sol na CE 085\" width=\"420\" height=\"251\" srcset=\"http:\/\/experimentejeri.com.br\/site\/wp-content\/uploads\/2011\/12\/GEDC1275.jpg 700w, http:\/\/experimentejeri.com.br\/site\/wp-content\/uploads\/2011\/12\/GEDC1275-300x179.jpg 300w\" sizes=\"(max-width: 420px) 100vw, 420px\" \/><\/a><\/p>\n<p id=\"caption-attachment-587\" class=\"wp-caption-text\">P\u00f4r do sol na CE 085<\/p>\n<\/div>\n<p style=\"text-align: justify;\"><span class=\"dropcap\">J<\/span>ericoacoara est\u00e1 a\u00a0300 km do aeroporto mais perto que fica em Fortaleza. O acesso mais r\u00e1pido \u00e9 pela rodovia CE 085 (Estruturante Costa Do \u00a0Sol Poente). Esta op\u00e7\u00e3o de transfer \u00e9 a mais r\u00e1pida para quem quer chegar a Jericoacoara, e pode ser feito em qualquer hor\u00e1rio, saindo do aeroporto ou de um hotel em Fortaleza. Ap\u00f3s 1:30h de viagem, h\u00e1 a possibilidade de parar em Paraipaba para um lanche e uso dos banheiros. O local \u00e9 simples, mas serve uma das melhores tapiocas com queijo coalho da regi\u00e3o, que fica melhor se acompanhada de um cafezinho ou caju\u00edna bem gelada. Aproveite para comprar algumas guloseimas cearenses para completar a viagem. Percorrendo mais 2:00 h de asfalto, inicia-se o trecho off road da viagem. Passando pela praia do Pre\u00e1 ou por dentro do Parna, entre dunas e lagoas sazonais \u00e9 poss\u00edvel avistar pela primeira vez a Vila de Jericoacoara com seu farol no alto do Serrote. O momento \u00e9 de admirar como a Vila de Jericoacoara \u00e9 protegida pelo Serrote. Percebam a dire\u00e7\u00e3o do vento e das dunas e como elas n\u00e3o chegam no pequeno espa\u00e7o em que a vila foi constru\u00edda. Este \u00e9 um momento \u00fanico de entender como foi poss\u00edvel construir uma vila rodeada de dunas m\u00f3veis sem que elas cubram a vila. Depois que chegarem a Jeri estar\u00e3o t\u00e3o surpresos com a beleza que v\u00e3o encontrar, que a \u00fanica coisa que passar\u00e1 pela cabe\u00e7a \u00e9 que seria injusto se a vila n\u00e3o existisse.\u00a0Ve\u00edculo com ar condicionado que acomoda at\u00e9 6 pessoas.<\/p>\n<p style=\"text-align: justify;\"><\/div>\n<\/div>\n<p style=\"text-align: justify;\">\n<div class=\"toggle_slide\">\n<h3 class=\"trigger\"><span>&nbsp;<\/span><a href=\"#\">Transfer via praias em 4x4<\/a><\/h3>\n<div class=\"toggle_container\">\n<div id=\"attachment_506\" style=\"width: 283px\" class=\"wp-caption alignleft\"><a href=\"http:\/\/experimentejeri.com.br\/site\/wp-content\/uploads\/2011\/12\/GEDC1249-copy.jpg\"><img aria-describedby=\"caption-attachment-506\" decoding=\"async\" loading=\"lazy\" class=\"wp-image-506 \" title=\"Transfer via praias - Experimente Jeri\" src=\"http:\/\/experimentejeri.com.br\/site\/wp-content\/uploads\/2011\/12\/GEDC1249-copy-300x225.jpg\" alt=\"transfer pelas praias Fortaleza-Jericoacoara\" width=\"273\" height=\"205\" srcset=\"http:\/\/experimentejeri.com.br\/site\/wp-content\/uploads\/2011\/12\/GEDC1249-copy-300x225.jpg 300w, http:\/\/experimentejeri.com.br\/site\/wp-content\/uploads\/2011\/12\/GEDC1249-copy.jpg 700w\" sizes=\"(max-width: 273px) 100vw, 273px\" \/><\/a><\/p>\n<p id=\"caption-attachment-506\" class=\"wp-caption-text\">Deixando a praia de Lagoinha<\/p>\n<\/div>\n<p style=\"text-align: justify;\"><span class=\"dropcap\">N<\/span>esta viagem quem decide o hor\u00e1rio de inicio \u00e9 a natureza, ou seja, a mar\u00e9. S\u00e3o in\u00fameras praias no trajeto e beleza sem igual. O dif\u00edcil \u00e9 apenas passar por elas sem dar uma paradinha. Este belo passeio pode ser feito em dois dias, assim h\u00e1 a possibilidade de tomar um banho de mar e aproveitar melhor a paisagem. O trajeto come\u00e7a por asfalto at\u00e9 Cumbuco, quando deixamos o asfalto e a estrada passa a ser a pr\u00f3pria praia. Agora as atra\u00e7\u00f5es s\u00e3o muitas: dunas do Cumbuco, Lagoa do Banana, praias do Pec\u00e9m, Ta\u00edba, Paracuru, Lagoinha, Flecheiras&#8230; acho que merecemos uma parada, quem sabe um almo\u00e7o. A viagem continua,\u00a0Guajiru, Munda\u00fa, praia da\u00a0Baleia, Caetano, Icaraizinho, Pre\u00e1 e Jericoacoara. S\u00e3o aproximadamente 8 horas de viagem quando feita em um dia. Nossa sugest\u00e3o \u00e9 que este trajeto seja feito em 2 dias, com pernoite em Munda\u00fa, Guajiru ou Icaraizinho. Assim, podem chegar em Jericoacoara ainda com tempo para ver o P\u00f4r do Sol. Ve\u00edculo com ar condicionado que acomoda at\u00e9 6 pessoas.<\/p>\n<p style=\"text-align: justify;\"><\/div>\n<\/div>\n<p style=\"text-align: justify;\">\n<div class=\"toggle_slide\">\n<h3 class=\"trigger\"><span>&nbsp;<\/span><a href=\"#\">Transfer via asfalto em 4x4, com visita \u00e0 Lagoa do Para\u00edso<\/a><\/h3>\n<div class=\"toggle_container\">\n<div id=\"attachment_507\" style=\"width: 262px\" class=\"wp-caption alignright\"><a href=\"http:\/\/experimentejeri.com.br\/site\/wp-content\/uploads\/2011\/12\/Rede-na-Lagoa-Para\u00edso-copy.jpg\"><img aria-describedby=\"caption-attachment-507\" decoding=\"async\" loading=\"lazy\" class=\"wp-image-507 \" title=\"Lagoa Para\u00edso - Experimente Jeri\" src=\"http:\/\/experimentejeri.com.br\/site\/wp-content\/uploads\/2011\/12\/Rede-na-Lagoa-Para\u00edso-copy-300x225.jpg\" alt=\"Lagoa Para\u00edso com suas \u00e1guas cristalinas\" width=\"252\" height=\"190\" srcset=\"http:\/\/experimentejeri.com.br\/site\/wp-content\/uploads\/2011\/12\/Rede-na-Lagoa-Para\u00edso-copy-300x225.jpg 300w, http:\/\/experimentejeri.com.br\/site\/wp-content\/uploads\/2011\/12\/Rede-na-Lagoa-Para\u00edso-copy.jpg 700w\" sizes=\"(max-width: 252px) 100vw, 252px\" \/><\/a><\/p>\n<p id=\"caption-attachment-507\" class=\"wp-caption-text\">O descanso merecido<\/p>\n<\/div>\n<p style=\"text-align: justify;\"><span class=\"dropcap\">P<\/span>ara quem tem pouco tempo para aproveitar as belezas de Jericoacoara a melhor op\u00e7\u00e3o \u00e9 fazer o transfer via asfalto e antes de chegar em Jeri dar aquela paradinha na Lagoa do Para\u00edso. O momento \u00e9 de relaxar, dar um mergulho na Lagoa com suas \u00e1guas\u00a0cristalinas, ficar deitado nas\u00a0espregui\u00e7adeiras\u00a0apenas esperando o \u00a0almo\u00e7o ficar pronto para sabore\u00e1-lo. Para fazer a\u00a0digest\u00e3o, nada melhor que uma rede, seja \u00e0 sombra de um cajueiro ou dentro da \u00e1gua. Energias restabelecidas, voltamos a viagem atravessando as dunas do Parque Nacional de Jericoacoara ou pela Praia do Pre\u00e1 visitando a curiosa \u00c1rvore da Pregui\u00e7a. Ve\u00edculo com ar condicionado que acomoda at\u00e9 6 pessoas.<\/p>\n<p style=\"text-align: justify;\"><\/div>\n<\/div>\n<p style=\"text-align: justify;\">\n<div class=\"toggle_slide\">\n<h3 class=\"trigger\"><span>&nbsp;<\/span><a href=\"#\">Van e Jardineira<\/a><\/h3>\n<div class=\"toggle_container\">\n<p style=\"text-align: justify;\"><span class=\"dropcap\">A<\/span> van tem sa\u00eddas di\u00e1rias de Fortaleza partindo dos hot\u00e9is da orla de Fortaleza (Praia do Futuro, Mucuripe, Meireles e Praia de Iracema). Em Jijoca de Jericoacoara h\u00e1 uma parada para troca de ve\u00edculo, pois a viagem segue em uma jardineira (ve\u00edculo 4&#215;4 adaptado). \u00a0O embarque em Fortaleza acontece entre 6:45h e 8:00h; para o retorno, Jericoacoara x Fortaleza, as sa\u00eddas s\u00e3o agendadas para 9:00h com chegada prevista a partir de 18:00h. H\u00e1 uma parada entre 10:00h e 12:30h no ponto de apoio na Lagoa do Para\u00edso antes de embarque na van. Os hor\u00e1rios mencionados s\u00e3o aproximados. Dependendo da quantidade de pessoas no dia de sua viagem, a van pode ser substitu\u00edda por um micro\u00f4nibus ou \u00f4nibus.<\/p>\n<\/div>\n<\/div>\n<p style=\"text-align: justify;\">\n<div class=\"toggle_slide\">\n<h3 class=\"trigger\"><span>&nbsp;<\/span><a href=\"#\">Van e Buggy com visita \u00e0 Lagoa do Para\u00edso - Fortaleza a Jericoacoara<\/a><\/h3>\n<div class=\"toggle_container\"> <span class=\"dropcap\">A<\/span> van tem\u00a0sa\u00eddas di\u00e1rias de Fortaleza partindo do aeroporto e passando pelos hot\u00e9is da Av. Beira Mar.\u00a0Em Jijoca de Jericoacoara h\u00e1 uma parada onde haver\u00e1 um buggy aguardando-os para o passeio \u00e0\u00a0Lagoa do Para\u00edso. O buggy segue at\u00e9 um restaurante na Lagoa, onde poder\u00e3o desfrutar de um refrescante banho em \u00e1guas cristalinas. Ap\u00f3s almo\u00e7o\u00a0o buggy os trar\u00e1 at\u00e9 Jericoacoara atravessando as dunas do Parque Nacional de Jericoacoara. Combina\u00e7\u00e3o perfeita para quem quer conforto e aventura sem gastar muito. Van com ar condicionado e\u00a0buggy para at\u00e9 3 pessoas com bagagens.<\/p>\n<p style=\"text-align: justify;\"><\/div>\n<\/div>\n<p style=\"text-align: justify;\">\n<div class=\"toggle_slide\">\n<h3 class=\"trigger\"><span>&nbsp;<\/span><a href=\"#\">Transfers Compartilhados<\/a><\/h3>\n<div class=\"toggle_container\">\u00a0<span class=\"dropcap\">P<\/span>ensando na economia para voc\u00ea e em respeito ao meio ambiente, oferecemos o servi\u00e7o de dividir o transfer Fortaleza x Jeri x Fortaleza em carro 4&#215;4. Seja qual for a sua prefer\u00eancia para chegar em Jericoacoara, envie-nos o hor\u00e1rio e data que deseja contratar os servi\u00e7os e procuramos mais pessoas para divid\u00ed-lo. Procuramos otimizar os deslocamentos dos ve\u00edculos que fazem este trajeto e tamb\u00e9m promover a intera\u00e7\u00e3o entre os visitantes. Tamb\u00e9m oferecemos este servi\u00e7o para os passeios.<\/p>\n<p style=\"text-align: justify;\"><strong>Dica<\/strong> <strong>Experimente Jeri<\/strong>: procure agendar sua chegada em Fortaleza entre 11:00h e 13:00h, pois chegam em torno de 15 v\u00f4os e a possibilidade de encontrarmos outras pessoas interessadas \u00e9 maior.<span style=\"font-size: medium;\"><\/div>\n<\/div>\n<p><\/span><\/p>\n<h1>Chegando em Jericoacoara sua aventura est\u00e1 garantida<\/h1>\n<p><span style=\"font-size: medium; text-align: center;\"><\/p>\n<div class=\"toggle_slide\">\n<h3 class=\"trigger\"><span>&nbsp;<\/span><a href=\"#\">Passeio de Buggy para a Lagoa do Para\u00edso e Azul<\/a><\/h3>\n<div class=\"toggle_container\"><\/span><\/p>\n<div style=\"width: 640px\" class=\"wp-caption aligncenter\"><img decoding=\"async\" loading=\"lazy\" title=\"Lagoa do Cora\u00e7\u00e3o - Experimente Jeri\" src=\"http:\/\/experimentejeri.com.br\/site\/wp-content\/uploads\/2011\/12\/lagoas05-copy.jpg\" alt=\"Lagoa sazonal dentro do Parque Nacional de Jericoacoara\" width=\"630\" height=\"473\" \/><\/p>\n<p class=\"wp-caption-text\">Lagoa do Cora\u00e7\u00e3o<\/p>\n<\/div>\n<p><span class=\"dropcap\">S<\/span>a\u00edda com hor\u00e1rio agendado, \u00a0segue at\u00e9 a \u00c1rvore da Pregui\u00e7a onde \u00e9 feita a primeira parada para fotos. A pr\u00f3xima atra\u00e7\u00e3o \u00e9 a Praia\/Vila do Pre\u00e1 no munic\u00edpio de Cruz. O passeio continua rumo \u00e0s Lagoas Azul com parada para banho e depois Lagoa do Para\u00edso para almo\u00e7o e mais banho nas \u00e1guas cristalinas. Aproveite para\u00a0descansar nas redes dentro d&#8217;\u00e1gua, \u00e9 um luxo que s\u00f3 se encontra por aqui. Buggy para at\u00e9 4 pessoas.<\/p>\n<p style=\"text-align: justify;\"><span style=\"font-size: medium;\"><\/div>\n<\/div>\n<p><\/span><\/p>\n<p style=\"text-align: justify;\"><span style=\"font-size: medium;\"><\/p>\n<div class=\"toggle_slide\">\n<h3 class=\"trigger\"><span>&nbsp;<\/span><a href=\"#\">Passeio de Buggy para a Vila de Tatajuba<\/a><\/h3>\n<div class=\"toggle_container\"><\/span><\/p>\n<div id=\"attachment_14\" style=\"width: 310px\" class=\"wp-caption alignright\"><a href=\"http:\/\/experimentejeri.com.br\/site\/wp-content\/uploads\/2011\/12\/tatajuba1web.jpg\"><img aria-describedby=\"caption-attachment-14\" decoding=\"async\" loading=\"lazy\" class=\"size-medium wp-image-14\" title=\"Dona Delmira conta hist\u00f3ria\" src=\"http:\/\/experimentejeri.com.br\/site\/wp-content\/uploads\/2011\/12\/tatajuba1web-300x225.jpg\" alt=\"Velha Tatajuba - Experimente Jeri\" width=\"300\" height=\"225\" srcset=\"http:\/\/experimentejeri.com.br\/site\/wp-content\/uploads\/2011\/12\/tatajuba1web-300x225.jpg 300w, http:\/\/experimentejeri.com.br\/site\/wp-content\/uploads\/2011\/12\/tatajuba1web.jpg 700w\" sizes=\"(max-width: 300px) 100vw, 300px\" \/><\/a><\/p>\n<p id=\"caption-attachment-14\" class=\"wp-caption-text\">Dona Delmira<\/p>\n<\/div>\n<p style=\"text-align: justify;\"><span class=\"dropcap\">S<\/span>a\u00edda pela manh\u00e3, at\u00e9 as 9:30h, pela praia passando pela duna do P\u00f4r do Sol e seguindo at\u00e9 o Mangue Seco, onde \u00e9\u00a0poss\u00edvel\u00a0fazer uma parada para visitar o estu\u00e1rio dos cavalos marinhos. Esta visita \u00e9 feita em canoa, no Rio Guri\u00fa, sob a orienta\u00e7\u00e3o dos guias locais. Seguindo a viagem, mais uma aventura, a\u00a0travessia em uma pequena balsa feita sob medida para at\u00e9 dois buggies.\u00a0 J\u00e1 em outro\u00a0munic\u00edpio, Camocim, chegamos \u00e0 Velha Tatajuba, com parada para conhecer Dona Delmira e\u00a0suas hist\u00f3rias sobre a vila que foi soterrada pelas dunas h\u00e1 mais de 30 anos. Na Nova Tatajuba, conhecemos a Duna da Emo\u00e7\u00e3o ou do Funil, a mais alta da regi\u00e3o e seguimos para Lagoa\u00a0da Torta onde h\u00e1 uma parada para almo\u00e7o e banho. Retorno conforme a mar\u00e9. Buggy para at\u00e9 4 pessoas.<\/p>\n<p style=\"text-align: justify;\"><span style=\"font-size: medium;\"><\/div>\n<\/div>\n<p><\/span><\/p>\n<p style=\"text-align: justify;\"><span style=\"font-size: medium;\"><\/p>\n<div class=\"toggle_slide\">\n<h3 class=\"trigger\"><span>&nbsp;<\/span><a href=\"#\">Passeio de Buggy para o Mangue Seco \u2013 <em>Experimentando Novos Sabores<\/em><\/a><\/h3>\n<div class=\"toggle_container\"><\/span><\/p>\n<div id=\"attachment_276\" style=\"width: 178px\" class=\"wp-caption alignright\"><a href=\"http:\/\/experimentejeri.com.br\/site\/wp-content\/uploads\/2011\/12\/gastronomia2-copy.jpg\"><img aria-describedby=\"caption-attachment-276\" decoding=\"async\" loading=\"lazy\" class=\"wp-image-276 \" title=\"Ostras no Mangue Seco\" src=\"http:\/\/experimentejeri.com.br\/site\/wp-content\/uploads\/2011\/12\/gastronomia2-copy-300x225.jpg\" alt=\"Entradas do passeio - Experimentando novos sabores\" width=\"168\" height=\"126\" srcset=\"http:\/\/experimentejeri.com.br\/site\/wp-content\/uploads\/2011\/12\/gastronomia2-copy-300x225.jpg 300w, http:\/\/experimentejeri.com.br\/site\/wp-content\/uploads\/2011\/12\/gastronomia2-copy.jpg 700w\" sizes=\"(max-width: 168px) 100vw, 168px\" \/><\/a><\/p>\n<p id=\"caption-attachment-276\" class=\"wp-caption-text\"><span style=\"font-size: medium;\">Ostras<\/span><\/p>\n<\/div>\n<p style=\"text-align: justify;\"><span class=\"dropcap\">S<\/span>a\u00edda de Jericoacoara pela parte da manh\u00e3 indo at\u00e9 a localidade de Mangue Seco, pela praia. Em uma das barracas, localizadas pr\u00f3ximo ao Rio Guri\u00fa, pode-se escolher os caranguejos que ir\u00e3o ser servidos. Enquanto aguardam o almo\u00e7o h\u00e1 a op\u00e7\u00e3o de fazer o passeio para observa\u00e7\u00e3o dos cavalos marinhos. Para os amantes da comida regional, oferecemos galinha caipira, bode e capote, apenas com reserva. Buggy para at\u00e9 4 pessoas<span style=\"font-size: medium;\">.<\/span><\/p>\n<p style=\"text-align: justify;\"><span style=\"font-size: medium;\"><\/div>\n<\/div>\n<p><\/span><\/p>\n<p style=\"text-align: justify;\"><span style=\"font-size: medium;\"><\/p>\n<div class=\"toggle_slide\">\n<h3 class=\"trigger\"><span>&nbsp;<\/span><a href=\"#\">Caminhadas<\/a><\/h3>\n<div class=\"toggle_container\"><\/span><\/p>\n<div id=\"attachment_363\" style=\"width: 250px\" class=\"wp-caption alignleft\"><a href=\"http:\/\/experimentejeri.com.br\/site\/wp-content\/uploads\/2011\/12\/pedra-003.jpg\"><img aria-describedby=\"caption-attachment-363\" decoding=\"async\" loading=\"lazy\" class=\" wp-image-363 \" title=\"Caminhada ecol\u00f3gica para a Pedra Furada\" src=\"http:\/\/experimentejeri.com.br\/site\/wp-content\/uploads\/2011\/12\/pedra-003-300x225.jpg\" alt=\"Subindo o Serrote at\u00e9 a Pedra Furada\" width=\"240\" height=\"180\" srcset=\"http:\/\/experimentejeri.com.br\/site\/wp-content\/uploads\/2011\/12\/pedra-003-300x225.jpg 300w, http:\/\/experimentejeri.com.br\/site\/wp-content\/uploads\/2011\/12\/pedra-003.jpg 700w\" sizes=\"(max-width: 240px) 100vw, 240px\" \/><\/a><\/p>\n<p id=\"caption-attachment-363\" class=\"wp-caption-text\">Rumo a Pedra Furada<\/p>\n<\/div>\n<p style=\"text-align: justify;\"><span class=\"dropcap\">P<\/span>ara os amantes das caminhadas oferecemos a tradicional, para a Pedra Furada, que dependendo da mar\u00e9 pode ser feita pela praia ou pelo serrote. S\u00e3o muitas as hist\u00f3rias que ouvir\u00e3o, inclusive de sereias. De cima do Serrote \u00e9 poss\u00edvel ver a grandeza do Parque Nacional e o caminho que as dunas seguem. Vale a pena ver o filme \u00a0&#8221; <em>A Ostra e o Vento<\/em>&#8221; antes de fazer a viagem e tentar\u00a0entender\u00a0o porqu\u00ea que a personagem Marcela, apaixonou se pelo Vento.<\/p>\n<p style=\"text-align: justify;\">Podemos organizar caminhadas com roteiros exclusivos por dentro do Parque Nacional at\u00e9 lagoas sazonais ou para os mais desbravadores, at\u00e9 a Lagoa do Para\u00edso e Azul. Para quem tem preparo f\u00edsico \u00e9 poss\u00edvel seguir at\u00e9 Camocim passando por praias desertas.<\/p>\n<p style=\"text-align: justify;\"><span style=\"font-size: medium;\"><\/div>\n<\/div>\n<p><\/span><\/p>\n<p style=\"text-align: justify;\"><span style=\"font-size: medium;\"><\/p>\n<div class=\"toggle_slide\">\n<h3 class=\"trigger\"><span>&nbsp;<\/span><a href=\"#\">Wind e Kite surf<\/a><\/h3>\n<div class=\"toggle_container\"><\/span><\/p>\n<div id=\"attachment_690\" style=\"width: 310px\" class=\"wp-caption alignright\"><a href=\"http:\/\/experimentejeri.com.br\/site\/wp-content\/uploads\/2011\/12\/aula-de-kite.jpg\"><img aria-describedby=\"caption-attachment-690\" decoding=\"async\" loading=\"lazy\" class=\"size-medium wp-image-690\" title=\"Aula de kitesurf - Experimente Jeri\" src=\"http:\/\/experimentejeri.com.br\/site\/wp-content\/uploads\/2011\/12\/aula-de-kite-300x117.jpg\" alt=\"aulas de kite surf no guri\u00fa\" width=\"300\" height=\"117\" srcset=\"http:\/\/experimentejeri.com.br\/site\/wp-content\/uploads\/2011\/12\/aula-de-kite-300x117.jpg 300w, http:\/\/experimentejeri.com.br\/site\/wp-content\/uploads\/2011\/12\/aula-de-kite-615x240.jpg 615w, http:\/\/experimentejeri.com.br\/site\/wp-content\/uploads\/2011\/12\/aula-de-kite.jpg 1000w\" sizes=\"(max-width: 300px) 100vw, 300px\" \/><\/a><\/p>\n<p id=\"caption-attachment-690\" class=\"wp-caption-text\">Aulas de kitesurf<\/p>\n<\/div>\n<p style=\"text-align: justify;\"><span class=\"dropcap\">C<\/span>onsiderada por muitos como o melhor lugar do mundo para a pr\u00e1tica de windsurf a temporada inicia no final de julho e vai at\u00e9 inicio de janeiro. Novembro tem os ventos mais fortes e constantes, perfeito para quem j\u00e1 pratica e quer muita aventura. No in\u00edcio de dezembro surgem as ondas e as manobras s\u00e3o impressionantes. Aqui voc\u00ea pode velejar junto com os melhores do mundo, que costumam passar temporadas de 2 a 3 meses. Nosso ve\u00edculo \u00e9 apropriado para o transporte do equipamento, que fica totalmente na horizontal\u00a0evitando\u00a0danos durante o transporte. Para quem quer iniciar, h\u00e1 aula de 2 dias e ent\u00e3o j\u00e1 podem praticar s\u00f3.<\/p>\n<p style=\"text-align: justify;\">Se est\u00e1 a procura de mais aventura, o Kitesurf \u00e9 a sua. Um esporte que cresce a cada ano, tem aqui local espec\u00edfico para sua pr\u00e1tica. Oferecemos pacotes com downwind ou visita para os melhores points; para os iniciantes, os cursos t\u00eam dura\u00e7\u00e3o de 3 dias.<span style=\"font-size: medium;\"><\/div>\n<\/div>\n<p><\/span><\/p>\n<p style=\"text-align: justify;\"><span style=\"font-size: medium;\"><\/p>\n<div class=\"toggle_slide\">\n<h3 class=\"trigger\"><span>&nbsp;<\/span><a href=\"#\">Experimente Jeri<\/a><\/h3>\n<div class=\"toggle_container\"><\/span><\/p>\n<div id=\"attachment_303\" style=\"width: 500px\" class=\"wp-caption aligncenter\"><a href=\"http:\/\/experimentejeri.com.br\/site\/wp-content\/uploads\/2011\/12\/GEDC0424-copy.jpg\"><img aria-describedby=\"caption-attachment-303\" decoding=\"async\" loading=\"lazy\" class=\" wp-image-303 \" title=\"Caminhada pelo Parque Nacional de Jericoacoara\" src=\"http:\/\/experimentejeri.com.br\/site\/wp-content\/uploads\/2011\/12\/GEDC0424-copy.jpg\" alt=\"Pr\u00f3ximo a Lagoa do V - Experimente Jeri\" width=\"490\" height=\"368\" srcset=\"http:\/\/experimentejeri.com.br\/site\/wp-content\/uploads\/2011\/12\/GEDC0424-copy.jpg 700w, http:\/\/experimentejeri.com.br\/site\/wp-content\/uploads\/2011\/12\/GEDC0424-copy-300x225.jpg 300w\" sizes=\"(max-width: 490px) 100vw, 490px\" \/><\/a><\/p>\n<p id=\"caption-attachment-303\" class=\"wp-caption-text\">Lagoas Sazonais dentro do Parque Nacional de Jericoacoara<\/p>\n<\/div>\n<p style=\"text-align: justify;\"><span class=\"dropcap\">S<\/span>\u00e3o in\u00fameras as atividades que podem ser desfrutadas em Jericoacoara, pescar em canoas, cavalgadas em noite de lua cheia, aprender crochet, capoeira, forr\u00f3, praticar ioga na praia, receber massagens relaxantes e est\u00e9ticas, degustar pratos regionais, visitar farinhadas, comer lagosta e camar\u00e3o junto dos pescadores. Aqui voc\u00eas dizem o que gostam e n\u00f3s vamos \u00e0 procura da melhor maneira de satisfaz\u00ea-los.<\/p>\n<p style=\"text-align: justify;\"><span style=\"font-size: medium;\"> <\/div>\n<\/div>\n<p><\/span><\/p>\n<p style=\"text-align: justify;\">\n<p><span style=\"font-size: medium;\">\u00a0<\/span><\/p>\n","protected":false},"excerpt":{"rendered":"<p>\u00a0principal atrativo\u00a0de Jericoacoara \u00e9 o conjunto de suas paisagens exuberantes, com dunas enormes, praias formando desenhos curiosos e a diversidade cultural criada na intera\u00e7\u00e3o dos pescadores nativos com visitantes de v\u00e1rias partes do Brasil e do mundo. Em Jeri, tudo tem um toque mais calmo e descontra\u00eddo, o que d\u00e1 a sensa\u00e7\u00e3o de estar em [&hellip;]<\/p>\n","protected":false},"author":1,"featured_media":499,"parent":0,"menu_order":1,"comment_status":"open","ping_status":"open","template":"page-full.php","meta":[],"_links":{"self":[{"href":"http:\/\/experimentejeri.com.br\/site\/wp-json\/wp\/v2\/pages\/106"}],"collection":[{"href":"http:\/\/experimentejeri.com.br\/site\/wp-json\/wp\/v2\/pages"}],"about":[{"href":"http:\/\/experimentejeri.com.br\/site\/wp-json\/wp\/v2\/types\/page"}],"author":[{"embeddable":true,"href":"http:\/\/experimentejeri.com.br\/site\/wp-json\/wp\/v2\/users\/1"}],"replies":[{"embeddable":true,"href":"http:\/\/experimentejeri.com.br\/site\/wp-json\/wp\/v2\/comments?post=106"}],"version-history":[{"count":64,"href":"http:\/\/experimentejeri.com.br\/site\/wp-json\/wp\/v2\/pages\/106\/revisions"}],"predecessor-version":[{"id":890,"href":"http:\/\/experimentejeri.com.br\/site\/wp-json\/wp\/v2\/pages\/106\/revisions\/890"}],"wp:featuredmedia":[{"embeddable":true,"href":"http:\/\/experimentejeri.com.br\/site\/wp-json\/wp\/v2\/media\/499"}],"wp:attachment":[{"href":"http:\/\/experimentejeri.com.br\/site\/wp-json\/wp\/v2\/media?parent=106"}],"curies":[{"name":"wp","href":"https:\/\/api.w.org\/{rel}","templated":true}]}}